{"id":10524,"date":"2024-02-10T20:33:39","date_gmt":"2024-02-10T19:33:39","guid":{"rendered":"https:\/\/vinum-distribution.de\/carriera\/"},"modified":"2026-02-24T10:55:47","modified_gmt":"2026-02-24T09:55:47","slug":"carriera","status":"publish","type":"page","link":"https:\/\/vinum-distribution.de\/it\/carriera\/","title":{"rendered":"Carriera"},"content":{"rendered":"\t\t<div data-elementor-type=\"wp-page\" data-elementor-id=\"10524\" class=\"elementor elementor-10524 elementor-6107\" data-elementor-post-type=\"page\">\n\t\t\t\t<div class=\"elementor-element elementor-element-303ee0e e-flex e-con-boxed e-con e-parent\" data-id=\"303ee0e\" data-element_type=\"container\">\n\t\t\t\t\t<div class=\"e-con-inner\">\n\t\t<div class=\"elementor-element elementor-element-a4cbe0f e-con-full e-flex e-con e-child\" data-id=\"a4cbe0f\" data-element_type=\"container\">\n\t\t\t\t<div class=\"elementor-element elementor-element-8051252 elementor-widget elementor-widget-heading\" data-id=\"8051252\" data-element_type=\"widget\" data-widget_type=\"heading.default\">\n\t\t\t\t\t<h1 class=\"elementor-heading-title elementor-size-default\">distribuzione con visione<\/h1>\t\t\t\t<\/div>\n\t\t\t\t<div class=\"elementor-element elementor-element-213c9c7 elementor-widget__width-initial elementor-widget-tablet__width-inherit elementor-widget elementor-widget-text-editor\" data-id=\"213c9c7\" data-element_type=\"widget\" data-widget_type=\"text-editor.default\">\n\t\t\t\t\t\t\t\t\t<p data-start=\"138\" data-end=\"352\"><strong data-start=\"138\" data-end=\"352\">In qualit\u00e0 di partner specializzato nella distribuzione di cantine italiane di alta gamma, ci concentriamo sul posizionamento strategico dei nostri produttori nel commercio specializzato e all\u2019ingrosso tedesco.<\/strong><\/p><p data-start=\"354\" data-end=\"514\">Rappresentiamo cantine esclusive dell\u2019Alto Adige e di altre rinomate regioni vitivinicole italiane, accompagnandone lo sviluppo sostenibile sul mercato tedesco.<\/p><p data-start=\"516\" data-end=\"832\">Il nostro portafoglio, accuratamente selezionato, si rivolge principalmente a grossisti, rivenditori, grandi enoteche e operatori affermati dell\u2019e-commerce vinicolo. Uniamo conoscenza del mercato, strutture distributive consolidate e partnership di lungo periodo in una strategia di distribuzione chiara ed efficace.<\/p><p data-start=\"834\" data-end=\"885\"><strong data-start=\"834\" data-end=\"885\">Desiderate entrare a far parte del nostro team?<\/strong><\/p><p data-start=\"887\" data-end=\"956\">Scoprite le opportunit\u00e0 di carriera presso l&#8217;agenzia Vinum Germania.<\/p>\t\t\t\t\t\t\t\t<\/div>\n\t\t\t\t<\/div>\n\t\t\t\t<div class=\"elementor-element elementor-element-0cd3576 elementor-widget elementor-widget-image\" data-id=\"0cd3576\" data-element_type=\"widget\" data-widget_type=\"image.default\">\n\t\t\t\t\t\t\t\t\t\t\t\t\t\t\t<img fetchpriority=\"high\" decoding=\"async\" width=\"2560\" height=\"1707\" src=\"https:\/\/vinum-distribution.de\/wp-content\/uploads\/Zusammenarbeit-Wein-1-1.webp\" class=\"attachment-full size-full wp-image-7459\" alt=\"\" \/>\t\t\t\t\t\t\t\t\t\t\t\t\t\t\t<\/div>\n\t\t\t\t<div class=\"elementor-element elementor-element-19b8621 elementor-widget__width-initial elementor-widget-tablet__width-inherit elementor-widget elementor-widget-text-editor\" data-id=\"19b8621\" data-element_type=\"widget\" data-widget_type=\"text-editor.default\">\n\t\t\t\t\t\t\t\t\t<h2>IL MERCATO DEL VINO IN GERMANIA<\/h2><p data-start=\"102\" data-end=\"357\"><strong data-start=\"102\" data-end=\"143\"><span class=\"hover:entity-accent entity-underline inline cursor-pointer align-baseline\"><span class=\"whitespace-normal\">Vinum<\/span><\/span><\/strong> \u00e8 un\u2019azienda a conduzione familiare, fondata su valori autentici e trasparenti. Diamo grande importanza <strong>a una struttura gerarchica<\/strong> <strong>snella,<\/strong> a una <strong>comunicazione aperta<\/strong> e a un <strong>lavoro di squadra<\/strong> vario e collaborativo.<\/p><p data-start=\"359\" data-end=\"635\">Creativit\u00e0, flessibilit\u00e0 e attenzione alla qualit\u00e0 non sono semplici parole chiave, ma valori vissuti ogni giorno nel nostro modo di lavorare insieme. Promuoviamo un ambiente in cui le idee sono benvenute, le decisioni vengono prese rapidamente e realizzate in modo condiviso.<\/p>\t\t\t\t\t\t\t\t<\/div>\n\t\t<div class=\"elementor-element elementor-element-fdc3b9e e-con-full e-flex e-con e-child\" data-id=\"fdc3b9e\" data-element_type=\"container\">\n\t\t\t\t<div class=\"elementor-element elementor-element-9a50d8a elementor-button-align-start elementor-tablet-button-align-center elementor-widget-tablet__width-inherit elementor-widget-mobile__width-inherit elementor-widget__width-initial elementor-widget elementor-widget-form\" data-id=\"9a50d8a\" data-element_type=\"widget\" data-settings=\"{&quot;step_next_label&quot;:&quot;Avanti&quot;,&quot;step_previous_label&quot;:&quot;Precedente&quot;,&quot;button_width&quot;:&quot;100&quot;,&quot;step_type&quot;:&quot;number_text&quot;,&quot;step_icon_shape&quot;:&quot;circle&quot;}\" data-widget_type=\"form.default\">\n\t\t\t\t\t\t\t<form class=\"elementor-form\" method=\"post\" name=\"Applicazione\" aria-label=\"Applicazione\">\n\t\t\t<input type=\"hidden\" name=\"post_id\" value=\"10524\"\/>\n\t\t\t<input type=\"hidden\" name=\"form_id\" value=\"9a50d8a\"\/>\n\t\t\t<input type=\"hidden\" name=\"referer_title\" value=\"Carriera - Vinum Deutschland\" \/>\n\n\t\t\t\t\t\t\t<input type=\"hidden\" name=\"queried_id\" value=\"10524\"\/>\n\t\t\t\n\t\t\t<div class=\"elementor-form-fields-wrapper elementor-labels-\">\n\t\t\t\t\t\t\t\t<div class=\"elementor-field-type-text elementor-field-group elementor-column elementor-field-group-name elementor-col-50 elementor-field-required\">\n\t\t\t\t\t\t\t\t\t\t\t\t<label for=\"form-field-name\" class=\"elementor-field-label elementor-screen-only\">\n\t\t\t\t\t\t\t\tNome\t\t\t\t\t\t\t<\/label>\n\t\t\t\t\t\t\t\t\t\t\t\t\t\t<input size=\"1\" type=\"text\" name=\"form_fields[name]\" id=\"form-field-name\" class=\"elementor-field elementor-size-lg  elementor-field-textual\" placeholder=\"Nome*\" required=\"required\">\n\t\t\t\t\t\t\t\t\t\t\t<\/div>\n\t\t\t\t\t\t\t\t<div class=\"elementor-field-type-text elementor-field-group elementor-column elementor-field-group-surname elementor-col-50 elementor-field-required\">\n\t\t\t\t\t\t\t\t\t\t\t\t<label for=\"form-field-surname\" class=\"elementor-field-label elementor-screen-only\">\n\t\t\t\t\t\t\t\tCognome\t\t\t\t\t\t\t<\/label>\n\t\t\t\t\t\t\t\t\t\t\t\t\t\t<input size=\"1\" type=\"text\" name=\"form_fields[surname]\" id=\"form-field-surname\" class=\"elementor-field elementor-size-lg  elementor-field-textual\" placeholder=\"Cognome*\" required=\"required\">\n\t\t\t\t\t\t\t\t\t\t\t<\/div>\n\t\t\t\t\t\t\t\t<div class=\"elementor-field-type-email elementor-field-group elementor-column elementor-field-group-mail elementor-col-50 elementor-field-required\">\n\t\t\t\t\t\t\t\t\t\t\t\t<label for=\"form-field-mail\" class=\"elementor-field-label elementor-screen-only\">\n\t\t\t\t\t\t\t\tEmail\t\t\t\t\t\t\t<\/label>\n\t\t\t\t\t\t\t\t\t\t\t\t\t\t<input size=\"1\" type=\"email\" name=\"form_fields[mail]\" id=\"form-field-mail\" class=\"elementor-field elementor-size-lg  elementor-field-textual\" placeholder=\"Email*\" required=\"required\">\n\t\t\t\t\t\t\t\t\t\t\t<\/div>\n\t\t\t\t\t\t\t\t<div class=\"elementor-field-type-tel elementor-field-group elementor-column elementor-field-group-phone elementor-col-50\">\n\t\t\t\t\t\t\t\t\t\t\t\t<label for=\"form-field-phone\" class=\"elementor-field-label elementor-screen-only\">\n\t\t\t\t\t\t\t\tTelefono\t\t\t\t\t\t\t<\/label>\n\t\t\t\t\t\t\t\t<input size=\"1\" type=\"tel\" name=\"form_fields[phone]\" id=\"form-field-phone\" class=\"elementor-field elementor-size-lg  elementor-field-textual\" placeholder=\"Telefono\" pattern=\"[0-9()#&amp;+*-=.]+\" title=\"Sono accettati solo numeri e caratteri telefonici (#, -, *, ecc.).\">\n\n\t\t\t\t\t\t<\/div>\n\t\t\t\t\t\t\t\t<div class=\"elementor-field-type-textarea elementor-field-group elementor-column elementor-field-group-message elementor-col-100\">\n\t\t\t\t\t\t\t\t\t\t\t\t<label for=\"form-field-message\" class=\"elementor-field-label elementor-screen-only\">\n\t\t\t\t\t\t\t\tMessaggio\t\t\t\t\t\t\t<\/label>\n\t\t\t\t\t\t<textarea class=\"elementor-field-textual elementor-field  elementor-size-lg\" name=\"form_fields[message]\" id=\"form-field-message\" rows=\"6\" placeholder=\"Messaggio\"><\/textarea>\t\t\t\t<\/div>\n\t\t\t\t\t\t\t\t<div class=\"elementor-field-type-upload elementor-field-group elementor-column elementor-field-group-file elementor-col-100\">\n\t\t\t\t\t\t\t\t\t\t\t\t<label for=\"form-field-file\" class=\"elementor-field-label elementor-screen-only\">\n\t\t\t\t\t\t\t\tCurriculum vitae\t\t\t\t\t\t\t<\/label>\n\t\t\t\t\t\t\t\t<input type=\"file\" name=\"form_fields[file]\" id=\"form-field-file\" class=\"elementor-field elementor-size-lg  elementor-upload-field\" data-maxsize=\"8\" data-maxsize-message=\"Questo file supera la dimensione massima consentita.\">\n\n\t\t\t\t\t\t<\/div>\n\t\t\t\t\t\t\t\t<div class=\"elementor-field-type-acceptance elementor-field-group elementor-column elementor-field-group-privacy elementor-col-100 elementor-field-required\">\n\t\t\t\t\t\t\t\t\t\t\t\t<label for=\"form-field-privacy\" class=\"elementor-field-label elementor-screen-only\">\n\t\t\t\t\t\t\t\tPrivacy\t\t\t\t\t\t\t<\/label>\n\t\t\t\t\t\t\t\t<div class=\"elementor-field-subgroup\">\n\t\t\t<span class=\"elementor-field-option\">\n\t\t\t\t<input type=\"checkbox\" name=\"form_fields[privacy]\" id=\"form-field-privacy\" class=\"elementor-field elementor-size-lg  elementor-acceptance-field\" required=\"required\">\n\t\t\t\t<label for=\"form-field-privacy\">Accetto l'<a href=\"https:\/\/vinum-distribution.de\/privacy-policy\/\">informativa sulla privacy*<\/a>.<\/label>\t\t\t<\/span>\n\t\t<\/div>\n\t\t\t\t\t\t<\/div>\n\t\t\t\t\t\t\t\t<div class=\"elementor-field-type-recaptcha_v3 elementor-field-group elementor-column elementor-field-group-recaptcha elementor-col-100 recaptcha_v3-bottomright\">\n\t\t\t\t\t<div class=\"elementor-field\" id=\"form-field-recaptcha\"><div class=\"elementor-g-recaptcha\" data-sitekey=\"6Ldue58qAAAAALGfm61qpxRiIaJq-8Lvy3OcYJ7L\" data-type=\"v3\" data-action=\"Form\" data-badge=\"bottomright\" data-size=\"invisible\"><\/div><\/div>\t\t\t\t<\/div>\n\t\t\t\t\t\t\t\t<div class=\"elementor-field-group elementor-column elementor-field-type-submit elementor-col-100 e-form__buttons\">\n\t\t\t\t\t<button class=\"elementor-button elementor-size-sm\" type=\"submit\">\n\t\t\t\t\t\t<span class=\"elementor-button-content-wrapper\">\n\t\t\t\t\t\t\t\t\t\t\t\t\t\t\t<span class=\"elementor-button-icon\">\n\t\t\t\t\t\t\t\t\t<i aria-hidden=\"true\" class=\"feather feather-arrow-right\"><\/i>\t\t\t\t\t\t\t\t\t\t\t\t\t\t\t\t\t<\/span>\n\t\t\t\t\t\t\t\t\t\t\t\t\t\t\t\t\t\t\t\t\t\t<span class=\"elementor-button-text\">Invia<\/span>\n\t\t\t\t\t\t\t\t\t\t\t\t\t<\/span>\n\t\t\t\t\t<\/button>\n\t\t\t\t<\/div>\n\t\t\t<\/div>\n\t\t<\/form>\n\t\t\t\t\t\t<\/div>\n\t\t\t\t<div class=\"elementor-element elementor-element-e156f94 elementor-widget__width-initial elementor-widget-tablet__width-inherit elementor-widget elementor-widget-image\" data-id=\"e156f94\" data-element_type=\"widget\" data-widget_type=\"image.default\">\n\t\t\t\t\t\t\t\t\t\t\t\t\t\t\t<img decoding=\"async\" width=\"2560\" height=\"1707\" src=\"https:\/\/vinum-distribution.de\/wp-content\/uploads\/Vinum-Part-III-157.jpg\" class=\"attachment-full size-full wp-image-4454\" alt=\"\" srcset=\"https:\/\/vinum-distribution.de\/wp-content\/uploads\/Vinum-Part-III-157.jpg 2560w, https:\/\/vinum-distribution.de\/wp-content\/uploads\/Vinum-Part-III-157-300x200.jpg 300w, https:\/\/vinum-distribution.de\/wp-content\/uploads\/Vinum-Part-III-157-1024x683.jpg 1024w, https:\/\/vinum-distribution.de\/wp-content\/uploads\/Vinum-Part-III-157-768x512.jpg 768w, https:\/\/vinum-distribution.de\/wp-content\/uploads\/Vinum-Part-III-157-1536x1024.jpg 1536w, https:\/\/vinum-distribution.de\/wp-content\/uploads\/Vinum-Part-III-157-2048x1366.jpg 2048w\" sizes=\"(max-width: 2560px) 100vw, 2560px\" \/>\t\t\t\t\t\t\t\t\t\t\t\t\t\t\t<\/div>\n\t\t\t\t<\/div>\n\t\t\t\t\t<\/div>\n\t\t\t\t<\/div>\n\t\t<div class=\"elementor-element elementor-element-72b42f5 e-con-full e-flex e-con e-parent\" data-id=\"72b42f5\" data-element_type=\"container\">\n\t\t\t\t<div class=\"elementor-element elementor-element-3c42ab5 elementor-skin-carousel elementor-widget elementor-widget-media-carousel\" data-id=\"3c42ab5\" data-element_type=\"widget\" data-settings=\"{&quot;effect&quot;:&quot;fade&quot;,&quot;skin&quot;:&quot;carousel&quot;,&quot;speed&quot;:500,&quot;autoplay&quot;:&quot;yes&quot;,&quot;autoplay_speed&quot;:5000,&quot;loop&quot;:&quot;yes&quot;,&quot;pause_on_hover&quot;:&quot;yes&quot;,&quot;pause_on_interaction&quot;:&quot;yes&quot;,&quot;space_between&quot;:{&quot;unit&quot;:&quot;px&quot;,&quot;size&quot;:10,&quot;sizes&quot;:[]},&quot;space_between_laptop&quot;:{&quot;unit&quot;:&quot;px&quot;,&quot;size&quot;:10,&quot;sizes&quot;:[]},&quot;space_between_tablet&quot;:{&quot;unit&quot;:&quot;px&quot;,&quot;size&quot;:10,&quot;sizes&quot;:[]},&quot;space_between_mobile&quot;:{&quot;unit&quot;:&quot;px&quot;,&quot;size&quot;:10,&quot;sizes&quot;:[]}}\" data-widget_type=\"media-carousel.default\">\n\t\t\t\t\t\t\t\t\t\t<div class=\"elementor-main-swiper swiper\" role=\"region\" aria-roledescription=\"carousel\" aria-label=\"Slider\">\n\t\t\t\t<div class=\"swiper-wrapper\">\n\t\t\t\t\t\t\t\t\t\t\t<div class=\"swiper-slide\" role=\"group\" aria-roledescription=\"slide\">\n\t\t\t\t\t\t\t\t\t<div class=\"elementor-carousel-image\" role=\"img\" aria-label=\"Vinum Part III-144\" style=\"background-image: url(&#039;https:\/\/vinum-distribution.de\/wp-content\/uploads\/Vinum-Part-III-144.jpg&#039;)\">\n\n\t\t\t\n\t\t\t\t\t<\/div>\n\t\t\t\t\t\t\t\t<\/div>\n\t\t\t\t\t\t\t\t\t\t\t<div class=\"swiper-slide\" role=\"group\" aria-roledescription=\"slide\">\n\t\t\t\t\t\t\t\t\t<div class=\"elementor-carousel-image\" role=\"img\" aria-label=\"Frau in Spirituosenraum\" style=\"background-image: url(&#039;https:\/\/vinum-distribution.de\/wp-content\/uploads\/Frau-in-Spirituosenraum.webp&#039;)\">\n\n\t\t\t\n\t\t\t\t\t<\/div>\n\t\t\t\t\t\t\t\t<\/div>\n\t\t\t\t\t\t\t\t\t<\/div>\n\t\t\t\t\t\t\t\t\t\t\t\t\t\t\t\t\t\t\t\t\t<\/div>\n\t\t\t\t\t\t\t\t<\/div>\n\t\t\t\t<\/div>\n\t\t\t\t<\/div>\n\t\t","protected":false},"excerpt":{"rendered":"<p>distribuzione con visione In qualit\u00e0 di partner specializzato nella distribuzione di cantine italiane di alta gamma, ci concentriamo sul posizionamento strategico dei nostri produttori nel commercio specializzato e all\u2019ingrosso tedesco. Rappresentiamo cantine esclusive dell\u2019Alto Adige e di altre rinomate regioni vitivinicole italiane, accompagnandone lo sviluppo sostenibile sul mercato tedesco. Il nostro portafoglio, accuratamente selezionato, si [&hellip;]<\/p>\n","protected":false},"author":2,"featured_media":0,"parent":0,"menu_order":0,"comment_status":"closed","ping_status":"closed","template":"","meta":{"inline_featured_image":false,"footnotes":""},"class_list":["post-10524","page","type-page","status-publish","hentry"],"yoast_head":"<!-- This site is optimized with the Yoast SEO plugin v24.8.1 - https:\/\/yoast.com\/wordpress\/plugins\/seo\/ -->\n<title>Carriera - Vinum Deutschland<\/title>\n<meta name=\"robots\" content=\"index, follow, max-snippet:-1, max-image-preview:large, max-video-preview:-1\" \/>\n<link rel=\"canonical\" href=\"https:\/\/vinum-distribution.de\/it\/carriera\/\" \/>\n<meta property=\"og:locale\" content=\"it_IT\" \/>\n<meta property=\"og:type\" content=\"article\" \/>\n<meta property=\"og:title\" content=\"Carriera - Vinum Deutschland\" \/>\n<meta property=\"og:description\" content=\"distribuzione con visione In qualit\u00e0 di partner specializzato nella distribuzione di cantine italiane di alta gamma, ci concentriamo sul posizionamento strategico dei nostri produttori nel commercio specializzato e all\u2019ingrosso tedesco. Rappresentiamo cantine esclusive dell\u2019Alto Adige e di altre rinomate regioni vitivinicole italiane, accompagnandone lo sviluppo sostenibile sul mercato tedesco. Il nostro portafoglio, accuratamente selezionato, si [&hellip;]\" \/>\n<meta property=\"og:url\" content=\"https:\/\/vinum-distribution.de\/it\/carriera\/\" \/>\n<meta property=\"og:site_name\" content=\"Vinum Deutschland\" \/>\n<meta property=\"article:publisher\" content=\"https:\/\/www.facebook.com\/vinumitaly\" \/>\n<meta property=\"article:modified_time\" content=\"2026-02-24T09:55:47+00:00\" \/>\n<meta property=\"og:image\" content=\"https:\/\/vinum-distribution.de\/wp-content\/uploads\/Zusammenarbeit-Wein-1-1.webp\" \/>\n\t<meta property=\"og:image:width\" content=\"2560\" \/>\n\t<meta property=\"og:image:height\" content=\"1707\" \/>\n\t<meta property=\"og:image:type\" content=\"image\/webp\" \/>\n<meta name=\"twitter:card\" content=\"summary_large_image\" \/>\n<meta name=\"twitter:label1\" content=\"Tempo di lettura stimato\" \/>\n\t<meta name=\"twitter:data1\" content=\"2 minuti\" \/>\n<script type=\"application\/ld+json\" class=\"yoast-schema-graph\">{\"@context\":\"https:\/\/schema.org\",\"@graph\":[{\"@type\":\"WebPage\",\"@id\":\"https:\/\/vinum-distribution.de\/it\/carriera\/\",\"url\":\"https:\/\/vinum-distribution.de\/it\/carriera\/\",\"name\":\"Carriera - Vinum Deutschland\",\"isPartOf\":{\"@id\":\"https:\/\/vinum-distribution.de\/it\/#website\"},\"primaryImageOfPage\":{\"@id\":\"https:\/\/vinum-distribution.de\/it\/carriera\/#primaryimage\"},\"image\":{\"@id\":\"https:\/\/vinum-distribution.de\/it\/carriera\/#primaryimage\"},\"thumbnailUrl\":\"https:\/\/vinum-distribution.de\/wp-content\/uploads\/Zusammenarbeit-Wein-1-1.webp\",\"datePublished\":\"2024-02-10T19:33:39+00:00\",\"dateModified\":\"2026-02-24T09:55:47+00:00\",\"breadcrumb\":{\"@id\":\"https:\/\/vinum-distribution.de\/it\/carriera\/#breadcrumb\"},\"inLanguage\":\"it-IT\",\"potentialAction\":[{\"@type\":\"ReadAction\",\"target\":[\"https:\/\/vinum-distribution.de\/it\/carriera\/\"]}]},{\"@type\":\"ImageObject\",\"inLanguage\":\"it-IT\",\"@id\":\"https:\/\/vinum-distribution.de\/it\/carriera\/#primaryimage\",\"url\":\"https:\/\/vinum-distribution.de\/wp-content\/uploads\/Zusammenarbeit-Wein-1-1.webp\",\"contentUrl\":\"https:\/\/vinum-distribution.de\/wp-content\/uploads\/Zusammenarbeit-Wein-1-1.webp\"},{\"@type\":\"BreadcrumbList\",\"@id\":\"https:\/\/vinum-distribution.de\/it\/carriera\/#breadcrumb\",\"itemListElement\":[{\"@type\":\"ListItem\",\"position\":1,\"name\":\"Home\",\"item\":\"https:\/\/vinum-distribution.de\/it\/\"},{\"@type\":\"ListItem\",\"position\":2,\"name\":\"Carriera\"}]},{\"@type\":\"WebSite\",\"@id\":\"https:\/\/vinum-distribution.de\/it\/#website\",\"url\":\"https:\/\/vinum-distribution.de\/it\/\",\"name\":\"Vinum\",\"description\":\"Weindiele\",\"publisher\":{\"@id\":\"https:\/\/vinum-distribution.de\/it\/#organization\"},\"potentialAction\":[{\"@type\":\"SearchAction\",\"target\":{\"@type\":\"EntryPoint\",\"urlTemplate\":\"https:\/\/vinum-distribution.de\/it\/?s={search_term_string}\"},\"query-input\":{\"@type\":\"PropertyValueSpecification\",\"valueRequired\":true,\"valueName\":\"search_term_string\"}}],\"inLanguage\":\"it-IT\"},{\"@type\":\"Organization\",\"@id\":\"https:\/\/vinum-distribution.de\/it\/#organization\",\"name\":\"Vinum\",\"url\":\"https:\/\/vinum-distribution.de\/it\/\",\"logo\":{\"@type\":\"ImageObject\",\"inLanguage\":\"it-IT\",\"@id\":\"https:\/\/vinum-distribution.de\/it\/#\/schema\/logo\/image\/\",\"url\":\"https:\/\/vinum-distribution.de\/wp-content\/uploads\/vinum-logo.svg\",\"contentUrl\":\"https:\/\/vinum-distribution.de\/wp-content\/uploads\/vinum-logo.svg\",\"width\":225,\"height\":77,\"caption\":\"Vinum\"},\"image\":{\"@id\":\"https:\/\/vinum-distribution.de\/it\/#\/schema\/logo\/image\/\"},\"sameAs\":[\"https:\/\/www.facebook.com\/vinumitaly\",\"https:\/\/www.instagram.com\/vinum.italy\/\"]}]}<\/script>\n<!-- \/ Yoast SEO plugin. -->","yoast_head_json":{"title":"Carriera - Vinum Deutschland","robots":{"index":"index","follow":"follow","max-snippet":"max-snippet:-1","max-image-preview":"max-image-preview:large","max-video-preview":"max-video-preview:-1"},"canonical":"https:\/\/vinum-distribution.de\/it\/carriera\/","og_locale":"it_IT","og_type":"article","og_title":"Carriera - Vinum Deutschland","og_description":"distribuzione con visione In qualit\u00e0 di partner specializzato nella distribuzione di cantine italiane di alta gamma, ci concentriamo sul posizionamento strategico dei nostri produttori nel commercio specializzato e all\u2019ingrosso tedesco. Rappresentiamo cantine esclusive dell\u2019Alto Adige e di altre rinomate regioni vitivinicole italiane, accompagnandone lo sviluppo sostenibile sul mercato tedesco. Il nostro portafoglio, accuratamente selezionato, si [&hellip;]","og_url":"https:\/\/vinum-distribution.de\/it\/carriera\/","og_site_name":"Vinum Deutschland","article_publisher":"https:\/\/www.facebook.com\/vinumitaly","article_modified_time":"2026-02-24T09:55:47+00:00","og_image":[{"width":2560,"height":1707,"url":"https:\/\/vinum-distribution.de\/wp-content\/uploads\/Zusammenarbeit-Wein-1-1.webp","type":"image\/webp"}],"twitter_card":"summary_large_image","twitter_misc":{"Tempo di lettura stimato":"2 minuti"},"schema":{"@context":"https:\/\/schema.org","@graph":[{"@type":"WebPage","@id":"https:\/\/vinum-distribution.de\/it\/carriera\/","url":"https:\/\/vinum-distribution.de\/it\/carriera\/","name":"Carriera - Vinum Deutschland","isPartOf":{"@id":"https:\/\/vinum-distribution.de\/it\/#website"},"primaryImageOfPage":{"@id":"https:\/\/vinum-distribution.de\/it\/carriera\/#primaryimage"},"image":{"@id":"https:\/\/vinum-distribution.de\/it\/carriera\/#primaryimage"},"thumbnailUrl":"https:\/\/vinum-distribution.de\/wp-content\/uploads\/Zusammenarbeit-Wein-1-1.webp","datePublished":"2024-02-10T19:33:39+00:00","dateModified":"2026-02-24T09:55:47+00:00","breadcrumb":{"@id":"https:\/\/vinum-distribution.de\/it\/carriera\/#breadcrumb"},"inLanguage":"it-IT","potentialAction":[{"@type":"ReadAction","target":["https:\/\/vinum-distribution.de\/it\/carriera\/"]}]},{"@type":"ImageObject","inLanguage":"it-IT","@id":"https:\/\/vinum-distribution.de\/it\/carriera\/#primaryimage","url":"https:\/\/vinum-distribution.de\/wp-content\/uploads\/Zusammenarbeit-Wein-1-1.webp","contentUrl":"https:\/\/vinum-distribution.de\/wp-content\/uploads\/Zusammenarbeit-Wein-1-1.webp"},{"@type":"BreadcrumbList","@id":"https:\/\/vinum-distribution.de\/it\/carriera\/#breadcrumb","itemListElement":[{"@type":"ListItem","position":1,"name":"Home","item":"https:\/\/vinum-distribution.de\/it\/"},{"@type":"ListItem","position":2,"name":"Carriera"}]},{"@type":"WebSite","@id":"https:\/\/vinum-distribution.de\/it\/#website","url":"https:\/\/vinum-distribution.de\/it\/","name":"Vinum","description":"Weindiele","publisher":{"@id":"https:\/\/vinum-distribution.de\/it\/#organization"},"potentialAction":[{"@type":"SearchAction","target":{"@type":"EntryPoint","urlTemplate":"https:\/\/vinum-distribution.de\/it\/?s={search_term_string}"},"query-input":{"@type":"PropertyValueSpecification","valueRequired":true,"valueName":"search_term_string"}}],"inLanguage":"it-IT"},{"@type":"Organization","@id":"https:\/\/vinum-distribution.de\/it\/#organization","name":"Vinum","url":"https:\/\/vinum-distribution.de\/it\/","logo":{"@type":"ImageObject","inLanguage":"it-IT","@id":"https:\/\/vinum-distribution.de\/it\/#\/schema\/logo\/image\/","url":"https:\/\/vinum-distribution.de\/wp-content\/uploads\/vinum-logo.svg","contentUrl":"https:\/\/vinum-distribution.de\/wp-content\/uploads\/vinum-logo.svg","width":225,"height":77,"caption":"Vinum"},"image":{"@id":"https:\/\/vinum-distribution.de\/it\/#\/schema\/logo\/image\/"},"sameAs":["https:\/\/www.facebook.com\/vinumitaly","https:\/\/www.instagram.com\/vinum.italy\/"]}]}},"_links":{"self":[{"href":"https:\/\/vinum-distribution.de\/it\/wp-json\/wp\/v2\/pages\/10524"}],"collection":[{"href":"https:\/\/vinum-distribution.de\/it\/wp-json\/wp\/v2\/pages"}],"about":[{"href":"https:\/\/vinum-distribution.de\/it\/wp-json\/wp\/v2\/types\/page"}],"author":[{"embeddable":true,"href":"https:\/\/vinum-distribution.de\/it\/wp-json\/wp\/v2\/users\/2"}],"replies":[{"embeddable":true,"href":"https:\/\/vinum-distribution.de\/it\/wp-json\/wp\/v2\/comments?post=10524"}],"version-history":[{"count":18,"href":"https:\/\/vinum-distribution.de\/it\/wp-json\/wp\/v2\/pages\/10524\/revisions"}],"predecessor-version":[{"id":10865,"href":"https:\/\/vinum-distribution.de\/it\/wp-json\/wp\/v2\/pages\/10524\/revisions\/10865"}],"wp:attachment":[{"href":"https:\/\/vinum-distribution.de\/it\/wp-json\/wp\/v2\/media?parent=10524"}],"curies":[{"name":"wp","href":"https:\/\/api.w.org\/{rel}","templated":true}]}}